{"id":4211,"date":"2023-06-02T08:59:51","date_gmt":"2023-06-02T06:59:51","guid":{"rendered":"https:\/\/danemiejskie.pl\/analitycy\/?page_id=4211"},"modified":"2023-07-13T16:57:48","modified_gmt":"2023-07-13T14:57:48","slug":"platforma-komunikacji","status":"publish","type":"page","link":"https:\/\/danemiejskie.pl\/analitycy\/sieciowanie-i-wspolpraca\/platforma-komunikacji\/","title":{"rendered":"Platforma komunikacji"},"content":{"rendered":"\n<p>Stw\u00f3rz konto na platformie Discord, aby uczestniczy\u0107 w rozmowach, zdobywa\u0107 wiedz\u0119 o nowych praktykach i dzieli\u0107 si\u0119 do\u015bwiadczeniem!&nbsp;<\/p>\n\n\n\n<p>Do\u0142\u0105cz do serwera ADM i: <\/p>\n\n\n\n<ul class=\"wp-block-list\">\n<li>B\u0105d\u017a na bie\u017c\u0105co ze wszystkimi nowo\u015bciami w ADM&nbsp;<\/li>\n\n\n\n<li>Dyskutuj na tematy zwi\u0105zane z dziedzin\u0105 zarz\u0105dzania miastem, kt\u00f3r\u0105 si\u0119 zajmujesz&nbsp;<\/li>\n\n\n\n<li>Odkryj innowacyjne analizy i ich sposoby wdro\u017cenia&nbsp;<\/li>\n\n\n\n<li>Poznawaj analityk\u00f3w z innych miast&nbsp;<\/li>\n<\/ul>\n\n\n\n<p><mark style=\"background-color:rgba(0, 0, 0, 0)\" class=\"has-inline-color has-theme-color\">Wraz z mailem potwierdzaj\u0105cym rejestracj\u0119 do sieci Analityk\u00f3w Danych Miejskich otrzyma\u0142e\u015b wa\u017cny 7 dni link z zaproszeniem do serwera ADM. W razie problem\u00f3w z dost\u0119pem do serwera skontaktuj si\u0119 z nami za po\u015brednictwem maila <a rel=\"noreferrer noopener\" href=\"mailto:danemiejskie@irmir.pl\" target=\"_blank\">danemiejskie@irmir.pl<\/a>.<\/mark><\/p>\n\n\n\n<p>Zapoznaj si\u0119 z poradnikiem, kt\u00f3ry pomo\u017ce Ci postawi\u0107 pierwsze kroki na serwerze:&nbsp;<\/p>\n\n\n\n<p><iframe loading=\"lazy\" title=\"Jak do\u0142\u0105czy\u0107 do serwera Analityk\u00f3w Danych Miejskich na Discord?\" width=\"1100\" height=\"619\" src=\"https:\/\/www.youtube.com\/embed\/xcWd7Mb5Tpk?feature=oembed\" frameborder=\"0\" allow=\"accelerometer; autoplay; clipboard-write; encrypted-media; gyroscope; picture-in-picture; web-share\" allowfullscreen><\/iframe><\/p>\n\n\n\n<p>Poni\u017cej kr\u00f3tka instrukcja:<\/p>\n\n\n<div class=\"wp-block-image\">\n<figure class=\"aligncenter size-large\"><img loading=\"lazy\" decoding=\"async\" width=\"724\" height=\"1024\" src=\"https:\/\/danemiejskie.pl\/analitycy\/wp-content\/uploads\/2023\/06\/DISCORD-ADM-onepager-2-724x1024.png\" alt=\"\" class=\"wp-image-4313\" srcset=\"https:\/\/danemiejskie.pl\/analitycy\/wp-content\/uploads\/2023\/06\/DISCORD-ADM-onepager-2-724x1024.png 724w, https:\/\/danemiejskie.pl\/analitycy\/wp-content\/uploads\/2023\/06\/DISCORD-ADM-onepager-2-212x300.png 212w, https:\/\/danemiejskie.pl\/analitycy\/wp-content\/uploads\/2023\/06\/DISCORD-ADM-onepager-2-768x1086.png 768w, https:\/\/danemiejskie.pl\/analitycy\/wp-content\/uploads\/2023\/06\/DISCORD-ADM-onepager-2-1086x1536.png 1086w, https:\/\/danemiejskie.pl\/analitycy\/wp-content\/uploads\/2023\/06\/DISCORD-ADM-onepager-2-1448x2048.png 1448w, https:\/\/danemiejskie.pl\/analitycy\/wp-content\/uploads\/2023\/06\/DISCORD-ADM-onepager-2-175x248.png 175w, https:\/\/danemiejskie.pl\/analitycy\/wp-content\/uploads\/2023\/06\/DISCORD-ADM-onepager-2-350x495.png 350w, https:\/\/danemiejskie.pl\/analitycy\/wp-content\/uploads\/2023\/06\/DISCORD-ADM-onepager-2-1110x1570.png 1110w\" sizes=\"auto, (max-width: 724px) 100vw, 724px\" \/><\/figure><\/div>","protected":false},"excerpt":{"rendered":"<p>Stw\u00f3rz konto na platformie Discord, aby uczestniczy\u0107 w rozmowach, zdobywa\u0107 wiedz\u0119 o nowych praktykach i dzieli\u0107 si\u0119 do\u015bwiadczeniem!&nbsp; Do\u0142\u0105cz do serwera ADM i: Wraz z mailem potwierdzaj\u0105cym rejestracj\u0119 do sieci Analityk\u00f3w Danych Miejskich otrzyma\u0142e\u015b wa\u017cny 7 dni link z zaproszeniem do serwera ADM. W razie problem\u00f3w z dost\u0119pem do serwera skontaktuj si\u0119 z nami za [&hellip;]<\/p>\n","protected":false},"author":10,"featured_media":0,"parent":4209,"menu_order":0,"comment_status":"closed","ping_status":"closed","template":"","meta":{"_acf_changed":false,"om_disable_all_campaigns":false,"_uag_custom_page_level_css":"","_monsterinsights_skip_tracking":false,"_monsterinsights_sitenote_active":false,"_monsterinsights_sitenote_note":"","_monsterinsights_sitenote_category":0,"_uf_show_specific_survey":0,"_uf_disable_surveys":false,"footnotes":""},"class_list":["post-4211","page","type-page","status-publish","hentry"],"acf":[],"aioseo_notices":[],"uagb_featured_image_src":{"full":false,"thumbnail":false,"medium":false,"medium_large":false,"large":false,"1536x1536":false,"2048x2048":false,"products":false,"products-retina":false,"full-width":false,"full-width-retina":false},"uagb_author_info":{"display_name":"braveadmin","author_link":"https:\/\/danemiejskie.pl\/analitycy\/author\/braveadmin\/"},"uagb_comment_info":0,"uagb_excerpt":"Stw\u00f3rz konto na platformie Discord, aby uczestniczy\u0107 w rozmowach, zdobywa\u0107 wiedz\u0119 o nowych praktykach i dzieli\u0107 si\u0119 do\u015bwiadczeniem!&nbsp; Do\u0142\u0105cz do serwera ADM i: Wraz z mailem potwierdzaj\u0105cym rejestracj\u0119 do sieci Analityk\u00f3w Danych Miejskich otrzyma\u0142e\u015b wa\u017cny 7 dni link z zaproszeniem do serwera ADM. W razie problem\u00f3w z dost\u0119pem do serwera skontaktuj si\u0119 z nami za&hellip;","_links":{"self":[{"href":"https:\/\/danemiejskie.pl\/analitycy\/wp-json\/wp\/v2\/pages\/4211","targetHints":{"allow":["GET"]}}],"collection":[{"href":"https:\/\/danemiejskie.pl\/analitycy\/wp-json\/wp\/v2\/pages"}],"about":[{"href":"https:\/\/danemiejskie.pl\/analitycy\/wp-json\/wp\/v2\/types\/page"}],"author":[{"embeddable":true,"href":"https:\/\/danemiejskie.pl\/analitycy\/wp-json\/wp\/v2\/users\/10"}],"replies":[{"embeddable":true,"href":"https:\/\/danemiejskie.pl\/analitycy\/wp-json\/wp\/v2\/comments?post=4211"}],"version-history":[{"count":15,"href":"https:\/\/danemiejskie.pl\/analitycy\/wp-json\/wp\/v2\/pages\/4211\/revisions"}],"predecessor-version":[{"id":4501,"href":"https:\/\/danemiejskie.pl\/analitycy\/wp-json\/wp\/v2\/pages\/4211\/revisions\/4501"}],"up":[{"embeddable":true,"href":"https:\/\/danemiejskie.pl\/analitycy\/wp-json\/wp\/v2\/pages\/4209"}],"wp:attachment":[{"href":"https:\/\/danemiejskie.pl\/analitycy\/wp-json\/wp\/v2\/media?parent=4211"}],"curies":[{"name":"wp","href":"https:\/\/api.w.org\/{rel}","templated":true}]}}