{"id":4221,"date":"2023-06-02T09:26:10","date_gmt":"2023-06-02T07:26:10","guid":{"rendered":"https:\/\/danemiejskie.pl\/analitycy\/?page_id=4221"},"modified":"2023-09-25T15:17:00","modified_gmt":"2023-09-25T13:17:00","slug":"zglos-praktyke-lub-analize","status":"publish","type":"page","link":"https:\/\/danemiejskie.pl\/analitycy\/materialy\/zglos-praktyke-lub-analize\/","title":{"rendered":"Zg\u0142o\u015b praktyk\u0119 lub analiz\u0119"},"content":{"rendered":"\n<p>Pobierz szablon zg\u0142oszenia\u00a0&#8211; <a href=\"https:\/\/danemiejskie.pl\/analitycy\/wp-content\/uploads\/2023\/09\/Formatka-zgloszenia-dobrej-praktyki.docx\" target=\"_blank\" rel=\"noreferrer noopener\"><mark style=\"background-color:rgba(0, 0, 0, 0)\" class=\"has-inline-color has-theme-color\">Szablon zg\u0142oszenia .docx<\/mark><\/a><\/p>\n\n\n\n<p>Pobierz przyk\u0142adow\u0105 analiz\u0119 &#8211; <a rel=\"noreferrer noopener\" href=\"https:\/\/danemiejskie.pl\/analitycy\/wp-content\/uploads\/2023\/06\/Analiza-Lwowek-Slaski.pdf\" data-type=\"URL\" data-id=\"https:\/\/danemiejskie.pl\/analitycy\/wp-content\/uploads\/2023\/06\/Analiza-Lwowek-Slaski.pdf\" target=\"_blank\"><mark style=\"background-color:rgba(0, 0, 0, 0)\" class=\"has-inline-color has-theme-color\">Przyk\u0142adowa analiza PDF<\/mark><\/a><\/p>\n\n\n\n<p>Dodaj praktyk\u0119 lub analiz\u0119:&nbsp;<\/p>\n\n\n\n<p><\/p>\n","protected":false},"excerpt":{"rendered":"<p>Pobierz szablon zg\u0142oszenia\u00a0&#8211; Szablon zg\u0142oszenia .docx Pobierz przyk\u0142adow\u0105 analiz\u0119 &#8211; Przyk\u0142adowa analiza PDF Dodaj praktyk\u0119 lub analiz\u0119:&nbsp;<\/p>\n","protected":false},"author":10,"featured_media":0,"parent":4219,"menu_order":0,"comment_status":"closed","ping_status":"closed","template":"page-templates\/send-files.php","meta":{"_acf_changed":false,"om_disable_all_campaigns":false,"_uag_custom_page_level_css":"","_monsterinsights_skip_tracking":false,"_monsterinsights_sitenote_active":false,"_monsterinsights_sitenote_note":"","_monsterinsights_sitenote_category":0,"_uf_show_specific_survey":0,"_uf_disable_surveys":false,"footnotes":""},"class_list":["post-4221","page","type-page","status-publish","hentry"],"acf":[],"aioseo_notices":[],"uagb_featured_image_src":{"full":false,"thumbnail":false,"medium":false,"medium_large":false,"large":false,"1536x1536":false,"2048x2048":false,"products":false,"products-retina":false,"full-width":false,"full-width-retina":false},"uagb_author_info":{"display_name":"braveadmin","author_link":"https:\/\/danemiejskie.pl\/analitycy\/author\/braveadmin\/"},"uagb_comment_info":0,"uagb_excerpt":"Pobierz szablon zg\u0142oszenia\u00a0&#8211; Szablon zg\u0142oszenia .docx Pobierz przyk\u0142adow\u0105 analiz\u0119 &#8211; Przyk\u0142adowa analiza PDF Dodaj praktyk\u0119 lub analiz\u0119:&nbsp;","_links":{"self":[{"href":"https:\/\/danemiejskie.pl\/analitycy\/wp-json\/wp\/v2\/pages\/4221","targetHints":{"allow":["GET"]}}],"collection":[{"href":"https:\/\/danemiejskie.pl\/analitycy\/wp-json\/wp\/v2\/pages"}],"about":[{"href":"https:\/\/danemiejskie.pl\/analitycy\/wp-json\/wp\/v2\/types\/page"}],"author":[{"embeddable":true,"href":"https:\/\/danemiejskie.pl\/analitycy\/wp-json\/wp\/v2\/users\/10"}],"replies":[{"embeddable":true,"href":"https:\/\/danemiejskie.pl\/analitycy\/wp-json\/wp\/v2\/comments?post=4221"}],"version-history":[{"count":8,"href":"https:\/\/danemiejskie.pl\/analitycy\/wp-json\/wp\/v2\/pages\/4221\/revisions"}],"predecessor-version":[{"id":4793,"href":"https:\/\/danemiejskie.pl\/analitycy\/wp-json\/wp\/v2\/pages\/4221\/revisions\/4793"}],"up":[{"embeddable":true,"href":"https:\/\/danemiejskie.pl\/analitycy\/wp-json\/wp\/v2\/pages\/4219"}],"wp:attachment":[{"href":"https:\/\/danemiejskie.pl\/analitycy\/wp-json\/wp\/v2\/media?parent=4221"}],"curies":[{"name":"wp","href":"https:\/\/api.w.org\/{rel}","templated":true}]}}